{"id":59,"date":"2025-10-12T17:09:05","date_gmt":"2025-10-12T15:09:05","guid":{"rendered":"https:\/\/skylineforma.fr\/?page_id=59"},"modified":"2025-10-19T16:41:47","modified_gmt":"2025-10-19T14:41:47","slug":"front_page","status":"publish","type":"page","link":"https:\/\/skylineforma.fr\/","title":{"rendered":"Accueil"},"content":{"rendered":"\n<p>SKYLINEFORMA est un centre de formation d\u00e9di\u00e9 aux m\u00e9tiers de l\u2019assistance a\u00e9roportuaire. Nous proposons des formations pratiques et professionnalisantes pour tous ceux qui souhaitent int\u00e9grer le monde dynamique et exigeant de l\u2019a\u00e9roport.<\/p>\n\n\n\n<p>Nos formateurs sont <strong>tous issus du terrain<\/strong>, avec une exp\u00e9rience concr\u00e8te dans diff\u00e9rents m\u00e9tiers : agent de piste, agent d\u2019escale, assistance aux personnes \u00e0 mobilit\u00e9 r\u00e9duite, pr\u00e9parateur plateau-repas ou agent de nettoyage d\u2019avion. Leur objectif est de partager <strong>leur savoir-faire et leurs bonnes pratiques<\/strong>, afin que chaque stagiaire soit pr\u00eat \u00e0 intervenir efficacement d\u00e8s ses premi\u00e8res missions.<\/p>\n\n\n\n<p><strong>Notre objectif<\/strong><\/p>\n\n\n\n<p>Nous avons \u00e0 c\u0153ur de vous transmettre des <strong>comp\u00e9tences concr\u00e8tes et directement applicables sur le terrain<\/strong>. Nos formations sont con\u00e7ues pour que vous puissiez :<\/p>\n\n\n\n<p>\u2022 Comprendre les op\u00e9rations a\u00e9roportuaires dans leur globalit\u00e9.<\/p>\n\n\n\n<p>\u2022 Ma\u00eetriser les gestes et protocoles indispensables \u00e0 chaque m\u00e9tier.<\/p>\n\n\n\n<p>\u2022 D\u00e9velopper un sens aigu du professionnalisme et de la rigueur.<\/p>\n\n\n\n<p>\u2022 Favoriser une <strong>insertion rapide et r\u00e9ussie<\/strong> dans le secteur a\u00e9rien.<\/p>\n\n\n\n<p>Chez SKYLINEFORMA, nous croyons que <strong>la pratique et l\u2019exp\u00e9rience sont les cl\u00e9s de la r\u00e9ussite<\/strong>. C\u2019est pourquoi nos formations allient th\u00e9orie, d\u00e9monstrations et exercices pratiques, pour vous pr\u00e9parer \u00e0 tous les d\u00e9fis du quotidien dans les a\u00e9roports.<\/p>\n","protected":false},"excerpt":{"rendered":"<p>SKYLINEFORMA est un centre de formation d\u00e9di\u00e9 aux m\u00e9tiers de l\u2019assistance a\u00e9roportuaire. Nous proposons des formations pratiques et professionnalisantes pour tous ceux qui souhaitent int\u00e9grer le monde dynamique et exigeant de l\u2019a\u00e9roport. Nos formateurs sont tous issus du terrain, avec une exp\u00e9rience concr\u00e8te dans diff\u00e9rents m\u00e9tiers : agent de piste, agent d\u2019escale, assistance aux personnes [&hellip;]<\/p>\n","protected":false},"author":1,"featured_media":0,"parent":0,"menu_order":0,"comment_status":"closed","ping_status":"closed","template":"","meta":{"saved_in_kubio":true,"_mo_disable_npp":"","footnotes":""},"class_list":["post-59","page","type-page","status-publish","hentry"],"kubio_ai_page_context":{"short_desc":"","purpose":"general"},"yoast_head":"<!-- This site is optimized with the Yoast SEO plugin v26.1.1 - https:\/\/yoast.com\/wordpress\/plugins\/seo\/ -->\n<title>Accueil - SKYLINEFORMA<\/title>\n<meta name=\"robots\" content=\"index, follow, max-snippet:-1, max-image-preview:large, max-video-preview:-1\" \/>\n<link rel=\"canonical\" href=\"https:\/\/skylineforma.fr\/\" \/>\n<meta property=\"og:locale\" content=\"en_US\" \/>\n<meta property=\"og:type\" content=\"article\" \/>\n<meta property=\"og:title\" content=\"Accueil - SKYLINEFORMA\" \/>\n<meta property=\"og:description\" content=\"SKYLINEFORMA est un centre de formation d\u00e9di\u00e9 aux m\u00e9tiers de l\u2019assistance a\u00e9roportuaire. Nous proposons des formations pratiques et professionnalisantes pour tous ceux qui souhaitent int\u00e9grer le monde dynamique et exigeant de l\u2019a\u00e9roport. Nos formateurs sont tous issus du terrain, avec une exp\u00e9rience concr\u00e8te dans diff\u00e9rents m\u00e9tiers : agent de piste, agent d\u2019escale, assistance aux personnes [&hellip;]\" \/>\n<meta property=\"og:url\" content=\"https:\/\/skylineforma.fr\/\" \/>\n<meta property=\"og:site_name\" content=\"SKYLINEFORMA\" \/>\n<meta property=\"article:modified_time\" content=\"2025-10-19T14:41:47+00:00\" \/>\n<meta name=\"twitter:card\" content=\"summary_large_image\" \/>\n<meta name=\"twitter:label1\" content=\"Est. reading time\" \/>\n\t<meta name=\"twitter:data1\" content=\"1 minute\" \/>\n<script type=\"application\/ld+json\" class=\"yoast-schema-graph\">{\"@context\":\"https:\/\/schema.org\",\"@graph\":[{\"@type\":\"WebPage\",\"@id\":\"https:\/\/skylineforma.fr\/\",\"url\":\"https:\/\/skylineforma.fr\/\",\"name\":\"Accueil - SKYLINEFORMA\",\"isPartOf\":{\"@id\":\"https:\/\/skylineforma.fr\/#website\"},\"datePublished\":\"2025-10-12T15:09:05+00:00\",\"dateModified\":\"2025-10-19T14:41:47+00:00\",\"breadcrumb\":{\"@id\":\"https:\/\/skylineforma.fr\/#breadcrumb\"},\"inLanguage\":\"en-US\",\"potentialAction\":[{\"@type\":\"ReadAction\",\"target\":[\"https:\/\/skylineforma.fr\/\"]}]},{\"@type\":\"BreadcrumbList\",\"@id\":\"https:\/\/skylineforma.fr\/#breadcrumb\",\"itemListElement\":[{\"@type\":\"ListItem\",\"position\":1,\"name\":\"Accueil\",\"item\":\"https:\/\/skylineforma.fr\/\"},{\"@type\":\"ListItem\",\"position\":2,\"name\":\"Accueil\"}]},{\"@type\":\"WebSite\",\"@id\":\"https:\/\/skylineforma.fr\/#website\",\"url\":\"https:\/\/skylineforma.fr\/\",\"name\":\"SKYLINEFORMA\",\"description\":\"Un site utilisant WordPress\",\"publisher\":{\"@id\":\"https:\/\/skylineforma.fr\/#organization\"},\"potentialAction\":[{\"@type\":\"SearchAction\",\"target\":{\"@type\":\"EntryPoint\",\"urlTemplate\":\"https:\/\/skylineforma.fr\/?s={search_term_string}\"},\"query-input\":{\"@type\":\"PropertyValueSpecification\",\"valueRequired\":true,\"valueName\":\"search_term_string\"}}],\"inLanguage\":\"en-US\"},{\"@type\":\"Organization\",\"@id\":\"https:\/\/skylineforma.fr\/#organization\",\"name\":\"SKYLINEFORMA\",\"url\":\"https:\/\/skylineforma.fr\/\",\"logo\":{\"@type\":\"ImageObject\",\"inLanguage\":\"en-US\",\"@id\":\"https:\/\/skylineforma.fr\/#\/schema\/logo\/image\/\",\"url\":\"https:\/\/skylineforma.fr\/wp-content\/uploads\/2025\/08\/cropped-cropped-Capture-decran_27-7-2025_213259_looka.png\",\"contentUrl\":\"https:\/\/skylineforma.fr\/wp-content\/uploads\/2025\/08\/cropped-cropped-Capture-decran_27-7-2025_213259_looka.png\",\"width\":483,\"height\":433,\"caption\":\"SKYLINEFORMA\"},\"image\":{\"@id\":\"https:\/\/skylineforma.fr\/#\/schema\/logo\/image\/\"}}]}<\/script>\n<!-- \/ Yoast SEO plugin. -->","yoast_head_json":{"title":"Accueil - SKYLINEFORMA","robots":{"index":"index","follow":"follow","max-snippet":"max-snippet:-1","max-image-preview":"max-image-preview:large","max-video-preview":"max-video-preview:-1"},"canonical":"https:\/\/skylineforma.fr\/","og_locale":"en_US","og_type":"article","og_title":"Accueil - SKYLINEFORMA","og_description":"SKYLINEFORMA est un centre de formation d\u00e9di\u00e9 aux m\u00e9tiers de l\u2019assistance a\u00e9roportuaire. Nous proposons des formations pratiques et professionnalisantes pour tous ceux qui souhaitent int\u00e9grer le monde dynamique et exigeant de l\u2019a\u00e9roport. Nos formateurs sont tous issus du terrain, avec une exp\u00e9rience concr\u00e8te dans diff\u00e9rents m\u00e9tiers : agent de piste, agent d\u2019escale, assistance aux personnes [&hellip;]","og_url":"https:\/\/skylineforma.fr\/","og_site_name":"SKYLINEFORMA","article_modified_time":"2025-10-19T14:41:47+00:00","twitter_card":"summary_large_image","twitter_misc":{"Est. reading time":"1 minute"},"schema":{"@context":"https:\/\/schema.org","@graph":[{"@type":"WebPage","@id":"https:\/\/skylineforma.fr\/","url":"https:\/\/skylineforma.fr\/","name":"Accueil - SKYLINEFORMA","isPartOf":{"@id":"https:\/\/skylineforma.fr\/#website"},"datePublished":"2025-10-12T15:09:05+00:00","dateModified":"2025-10-19T14:41:47+00:00","breadcrumb":{"@id":"https:\/\/skylineforma.fr\/#breadcrumb"},"inLanguage":"en-US","potentialAction":[{"@type":"ReadAction","target":["https:\/\/skylineforma.fr\/"]}]},{"@type":"BreadcrumbList","@id":"https:\/\/skylineforma.fr\/#breadcrumb","itemListElement":[{"@type":"ListItem","position":1,"name":"Accueil","item":"https:\/\/skylineforma.fr\/"},{"@type":"ListItem","position":2,"name":"Accueil"}]},{"@type":"WebSite","@id":"https:\/\/skylineforma.fr\/#website","url":"https:\/\/skylineforma.fr\/","name":"SKYLINEFORMA","description":"Un site utilisant WordPress","publisher":{"@id":"https:\/\/skylineforma.fr\/#organization"},"potentialAction":[{"@type":"SearchAction","target":{"@type":"EntryPoint","urlTemplate":"https:\/\/skylineforma.fr\/?s={search_term_string}"},"query-input":{"@type":"PropertyValueSpecification","valueRequired":true,"valueName":"search_term_string"}}],"inLanguage":"en-US"},{"@type":"Organization","@id":"https:\/\/skylineforma.fr\/#organization","name":"SKYLINEFORMA","url":"https:\/\/skylineforma.fr\/","logo":{"@type":"ImageObject","inLanguage":"en-US","@id":"https:\/\/skylineforma.fr\/#\/schema\/logo\/image\/","url":"https:\/\/skylineforma.fr\/wp-content\/uploads\/2025\/08\/cropped-cropped-Capture-decran_27-7-2025_213259_looka.png","contentUrl":"https:\/\/skylineforma.fr\/wp-content\/uploads\/2025\/08\/cropped-cropped-Capture-decran_27-7-2025_213259_looka.png","width":483,"height":433,"caption":"SKYLINEFORMA"},"image":{"@id":"https:\/\/skylineforma.fr\/#\/schema\/logo\/image\/"}}]}},"_links":{"self":[{"href":"https:\/\/skylineforma.fr\/index.php?rest_route=\/wp\/v2\/pages\/59","targetHints":{"allow":["GET"]}}],"collection":[{"href":"https:\/\/skylineforma.fr\/index.php?rest_route=\/wp\/v2\/pages"}],"about":[{"href":"https:\/\/skylineforma.fr\/index.php?rest_route=\/wp\/v2\/types\/page"}],"author":[{"embeddable":true,"href":"https:\/\/skylineforma.fr\/index.php?rest_route=\/wp\/v2\/users\/1"}],"replies":[{"embeddable":true,"href":"https:\/\/skylineforma.fr\/index.php?rest_route=%2Fwp%2Fv2%2Fcomments&post=59"}],"version-history":[{"count":32,"href":"https:\/\/skylineforma.fr\/index.php?rest_route=\/wp\/v2\/pages\/59\/revisions"}],"predecessor-version":[{"id":280,"href":"https:\/\/skylineforma.fr\/index.php?rest_route=\/wp\/v2\/pages\/59\/revisions\/280"}],"wp:attachment":[{"href":"https:\/\/skylineforma.fr\/index.php?rest_route=%2Fwp%2Fv2%2Fmedia&parent=59"}],"curies":[{"name":"wp","href":"https:\/\/api.w.org\/{rel}","templated":true}]}}