{"id":216,"date":"2025-10-12T19:25:04","date_gmt":"2025-10-12T17:25:04","guid":{"rendered":"https:\/\/skylineforma.fr\/?page_id=216"},"modified":"2025-10-31T01:32:25","modified_gmt":"2025-10-31T00:32:25","slug":"contactez-nous","status":"publish","type":"page","link":"https:\/\/skylineforma.fr\/?page_id=216","title":{"rendered":"Contactez-nous"},"content":{"rendered":"\n<p>Remplissez le formulaire ci-dessous pour poser vos questions ou demander des informations sur nos formations.<br>Nous vous r\u00e9pondrons dans les plus brefs d\u00e9lais.<\/p>\n\n\n\n<p><\/p>\n\n\n\n<p><\/p>\n\n\n\n<p>\u2709\ufe0f<strong> Formulaire de contact<\/strong><\/p>\n\n\n\n<p>Vous pouvez \u00e9galement nous laissez vos coordonn\u00e9es ici et posez vos questions nous vous r\u00e9pondrons <\/p>\n\n\n","protected":false},"excerpt":{"rendered":"<p>Remplissez le formulaire ci-dessous pour poser vos questions ou demander des informations sur nos formations.Nous vous r\u00e9pondrons dans les plus brefs d\u00e9lais. \u2709\ufe0f Formulaire de contact Vous pouvez \u00e9galement nous laissez vos coordonn\u00e9es ici et posez vos questions nous vous r\u00e9pondrons<\/p>\n","protected":false},"author":1,"featured_media":0,"parent":0,"menu_order":0,"comment_status":"closed","ping_status":"closed","template":"","meta":{"saved_in_kubio":true,"_mo_disable_npp":"","footnotes":""},"class_list":["post-216","page","type-page","status-publish","hentry"],"kubio_ai_page_context":{"short_desc":"","purpose":"general"},"yoast_head":"<!-- This site is optimized with the Yoast SEO plugin v26.1.1 - https:\/\/yoast.com\/wordpress\/plugins\/seo\/ -->\n<title>Contactez-nous - SKYLINEFORMA<\/title>\n<meta name=\"robots\" content=\"index, follow, max-snippet:-1, max-image-preview:large, max-video-preview:-1\" \/>\n<link rel=\"canonical\" href=\"https:\/\/skylineforma.fr\/?page_id=216\" \/>\n<meta property=\"og:locale\" content=\"en_US\" \/>\n<meta property=\"og:type\" content=\"article\" \/>\n<meta property=\"og:title\" content=\"Contactez-nous - SKYLINEFORMA\" \/>\n<meta property=\"og:description\" content=\"Remplissez le formulaire ci-dessous pour poser vos questions ou demander des informations sur nos formations.Nous vous r\u00e9pondrons dans les plus brefs d\u00e9lais. \u2709\ufe0f Formulaire de contact Vous pouvez \u00e9galement nous laissez vos coordonn\u00e9es ici et posez vos questions nous vous r\u00e9pondrons\" \/>\n<meta property=\"og:url\" content=\"https:\/\/skylineforma.fr\/?page_id=216\" \/>\n<meta property=\"og:site_name\" content=\"SKYLINEFORMA\" \/>\n<meta property=\"article:modified_time\" content=\"2025-10-31T00:32:25+00:00\" \/>\n<meta name=\"twitter:card\" content=\"summary_large_image\" \/>\n<meta name=\"twitter:label1\" content=\"Est. reading time\" \/>\n\t<meta name=\"twitter:data1\" content=\"1 minute\" \/>\n<script type=\"application\/ld+json\" class=\"yoast-schema-graph\">{\"@context\":\"https:\/\/schema.org\",\"@graph\":[{\"@type\":\"WebPage\",\"@id\":\"https:\/\/skylineforma.fr\/?page_id=216\",\"url\":\"https:\/\/skylineforma.fr\/?page_id=216\",\"name\":\"Contactez-nous - SKYLINEFORMA\",\"isPartOf\":{\"@id\":\"https:\/\/skylineforma.fr\/#website\"},\"datePublished\":\"2025-10-12T17:25:04+00:00\",\"dateModified\":\"2025-10-31T00:32:25+00:00\",\"breadcrumb\":{\"@id\":\"https:\/\/skylineforma.fr\/?page_id=216#breadcrumb\"},\"inLanguage\":\"en-US\",\"potentialAction\":[{\"@type\":\"ReadAction\",\"target\":[\"https:\/\/skylineforma.fr\/?page_id=216\"]}]},{\"@type\":\"BreadcrumbList\",\"@id\":\"https:\/\/skylineforma.fr\/?page_id=216#breadcrumb\",\"itemListElement\":[{\"@type\":\"ListItem\",\"position\":1,\"name\":\"Accueil\",\"item\":\"https:\/\/skylineforma.fr\/\"},{\"@type\":\"ListItem\",\"position\":2,\"name\":\"Contactez-nous\"}]},{\"@type\":\"WebSite\",\"@id\":\"https:\/\/skylineforma.fr\/#website\",\"url\":\"https:\/\/skylineforma.fr\/\",\"name\":\"SKYLINEFORMA\",\"description\":\"Un site utilisant WordPress\",\"publisher\":{\"@id\":\"https:\/\/skylineforma.fr\/#organization\"},\"potentialAction\":[{\"@type\":\"SearchAction\",\"target\":{\"@type\":\"EntryPoint\",\"urlTemplate\":\"https:\/\/skylineforma.fr\/?s={search_term_string}\"},\"query-input\":{\"@type\":\"PropertyValueSpecification\",\"valueRequired\":true,\"valueName\":\"search_term_string\"}}],\"inLanguage\":\"en-US\"},{\"@type\":\"Organization\",\"@id\":\"https:\/\/skylineforma.fr\/#organization\",\"name\":\"SKYLINEFORMA\",\"url\":\"https:\/\/skylineforma.fr\/\",\"logo\":{\"@type\":\"ImageObject\",\"inLanguage\":\"en-US\",\"@id\":\"https:\/\/skylineforma.fr\/#\/schema\/logo\/image\/\",\"url\":\"https:\/\/skylineforma.fr\/wp-content\/uploads\/2025\/08\/cropped-cropped-Capture-decran_27-7-2025_213259_looka.png\",\"contentUrl\":\"https:\/\/skylineforma.fr\/wp-content\/uploads\/2025\/08\/cropped-cropped-Capture-decran_27-7-2025_213259_looka.png\",\"width\":483,\"height\":433,\"caption\":\"SKYLINEFORMA\"},\"image\":{\"@id\":\"https:\/\/skylineforma.fr\/#\/schema\/logo\/image\/\"}}]}<\/script>\n<!-- \/ Yoast SEO plugin. -->","yoast_head_json":{"title":"Contactez-nous - SKYLINEFORMA","robots":{"index":"index","follow":"follow","max-snippet":"max-snippet:-1","max-image-preview":"max-image-preview:large","max-video-preview":"max-video-preview:-1"},"canonical":"https:\/\/skylineforma.fr\/?page_id=216","og_locale":"en_US","og_type":"article","og_title":"Contactez-nous - SKYLINEFORMA","og_description":"Remplissez le formulaire ci-dessous pour poser vos questions ou demander des informations sur nos formations.Nous vous r\u00e9pondrons dans les plus brefs d\u00e9lais. \u2709\ufe0f Formulaire de contact Vous pouvez \u00e9galement nous laissez vos coordonn\u00e9es ici et posez vos questions nous vous r\u00e9pondrons","og_url":"https:\/\/skylineforma.fr\/?page_id=216","og_site_name":"SKYLINEFORMA","article_modified_time":"2025-10-31T00:32:25+00:00","twitter_card":"summary_large_image","twitter_misc":{"Est. reading time":"1 minute"},"schema":{"@context":"https:\/\/schema.org","@graph":[{"@type":"WebPage","@id":"https:\/\/skylineforma.fr\/?page_id=216","url":"https:\/\/skylineforma.fr\/?page_id=216","name":"Contactez-nous - SKYLINEFORMA","isPartOf":{"@id":"https:\/\/skylineforma.fr\/#website"},"datePublished":"2025-10-12T17:25:04+00:00","dateModified":"2025-10-31T00:32:25+00:00","breadcrumb":{"@id":"https:\/\/skylineforma.fr\/?page_id=216#breadcrumb"},"inLanguage":"en-US","potentialAction":[{"@type":"ReadAction","target":["https:\/\/skylineforma.fr\/?page_id=216"]}]},{"@type":"BreadcrumbList","@id":"https:\/\/skylineforma.fr\/?page_id=216#breadcrumb","itemListElement":[{"@type":"ListItem","position":1,"name":"Accueil","item":"https:\/\/skylineforma.fr\/"},{"@type":"ListItem","position":2,"name":"Contactez-nous"}]},{"@type":"WebSite","@id":"https:\/\/skylineforma.fr\/#website","url":"https:\/\/skylineforma.fr\/","name":"SKYLINEFORMA","description":"Un site utilisant WordPress","publisher":{"@id":"https:\/\/skylineforma.fr\/#organization"},"potentialAction":[{"@type":"SearchAction","target":{"@type":"EntryPoint","urlTemplate":"https:\/\/skylineforma.fr\/?s={search_term_string}"},"query-input":{"@type":"PropertyValueSpecification","valueRequired":true,"valueName":"search_term_string"}}],"inLanguage":"en-US"},{"@type":"Organization","@id":"https:\/\/skylineforma.fr\/#organization","name":"SKYLINEFORMA","url":"https:\/\/skylineforma.fr\/","logo":{"@type":"ImageObject","inLanguage":"en-US","@id":"https:\/\/skylineforma.fr\/#\/schema\/logo\/image\/","url":"https:\/\/skylineforma.fr\/wp-content\/uploads\/2025\/08\/cropped-cropped-Capture-decran_27-7-2025_213259_looka.png","contentUrl":"https:\/\/skylineforma.fr\/wp-content\/uploads\/2025\/08\/cropped-cropped-Capture-decran_27-7-2025_213259_looka.png","width":483,"height":433,"caption":"SKYLINEFORMA"},"image":{"@id":"https:\/\/skylineforma.fr\/#\/schema\/logo\/image\/"}}]}},"_links":{"self":[{"href":"https:\/\/skylineforma.fr\/index.php?rest_route=\/wp\/v2\/pages\/216","targetHints":{"allow":["GET"]}}],"collection":[{"href":"https:\/\/skylineforma.fr\/index.php?rest_route=\/wp\/v2\/pages"}],"about":[{"href":"https:\/\/skylineforma.fr\/index.php?rest_route=\/wp\/v2\/types\/page"}],"author":[{"embeddable":true,"href":"https:\/\/skylineforma.fr\/index.php?rest_route=\/wp\/v2\/users\/1"}],"replies":[{"embeddable":true,"href":"https:\/\/skylineforma.fr\/index.php?rest_route=%2Fwp%2Fv2%2Fcomments&post=216"}],"version-history":[{"count":7,"href":"https:\/\/skylineforma.fr\/index.php?rest_route=\/wp\/v2\/pages\/216\/revisions"}],"predecessor-version":[{"id":335,"href":"https:\/\/skylineforma.fr\/index.php?rest_route=\/wp\/v2\/pages\/216\/revisions\/335"}],"wp:attachment":[{"href":"https:\/\/skylineforma.fr\/index.php?rest_route=%2Fwp%2Fv2%2Fmedia&parent=216"}],"curies":[{"name":"wp","href":"https:\/\/api.w.org\/{rel}","templated":true}]}}