{"id":2,"date":"2025-04-28T00:04:31","date_gmt":"2025-04-27T22:04:31","guid":{"rendered":"http:\/\/skylineforma.fr\/?page_id=2"},"modified":"2025-10-12T19:36:27","modified_gmt":"2025-10-12T17:36:27","slug":"page-d-exemple","status":"publish","type":"page","link":"https:\/\/skylineforma.fr\/?page_id=2","title":{"rendered":"Nos Formations"},"content":{"rendered":"\n<p><strong>Nos formations :<\/strong><\/p>\n\n\n\n<p><strong>D\u00e9couvrez nos formations sp\u00e9cialis\u00e9es dans les m\u00e9tiers de l\u2019a\u00e9roportuaire et trouvez celle qui vous permettra de d\u00e9coller vers votre future carri\u00e8re.<\/strong><\/p>\n\n\n\n<p><a href=\"https:\/\/skylineforma.fr\/?page_id=158\">\u2022 Agent de piste-bagagiste<\/a><\/p>\n\n\n\n<p>\u2022 Pr\u00e9paration de plateaux-repas et nettoyage avion<\/p>\n\n\n\n<p><a href=\"https:\/\/skylineforma.fr\/?page_id=171\">\u2022 Agent PMR<\/a><\/p>\n\n\n\n<p>\u2022 <a href=\"https:\/\/skylineforma.fr\/?page_id=166\">Agent d\u2019escale Commercial<\/a><\/p>\n\n\n\n<p><\/p>\n","protected":false},"excerpt":{"rendered":"<p>Nos formations : D\u00e9couvrez nos formations sp\u00e9cialis\u00e9es dans les m\u00e9tiers de l\u2019a\u00e9roportuaire et trouvez celle qui vous permettra de d\u00e9coller vers votre future carri\u00e8re. \u2022 Agent de piste-bagagiste \u2022 Pr\u00e9paration de plateaux-repas et nettoyage avion \u2022 Agent PMR \u2022 Agent d\u2019escale Commercial<\/p>\n","protected":false},"author":1,"featured_media":0,"parent":0,"menu_order":0,"comment_status":"closed","ping_status":"open","template":"","meta":{"saved_in_kubio":false,"_mo_disable_npp":"","footnotes":""},"class_list":["post-2","page","type-page","status-publish","hentry"],"kubio_ai_page_context":{"short_desc":"","purpose":"general"},"yoast_head":"<!-- This site is optimized with the Yoast SEO plugin v26.1.1 - https:\/\/yoast.com\/wordpress\/plugins\/seo\/ -->\n<title>Nos Formations - SKYLINEFORMA<\/title>\n<meta name=\"robots\" content=\"index, follow, max-snippet:-1, max-image-preview:large, max-video-preview:-1\" \/>\n<link rel=\"canonical\" href=\"https:\/\/skylineforma.fr\/?page_id=2\" \/>\n<meta property=\"og:locale\" content=\"en_US\" \/>\n<meta property=\"og:type\" content=\"article\" \/>\n<meta property=\"og:title\" content=\"Nos Formations - SKYLINEFORMA\" \/>\n<meta property=\"og:description\" content=\"Nos formations : D\u00e9couvrez nos formations sp\u00e9cialis\u00e9es dans les m\u00e9tiers de l\u2019a\u00e9roportuaire et trouvez celle qui vous permettra de d\u00e9coller vers votre future carri\u00e8re. \u2022 Agent de piste-bagagiste \u2022 Pr\u00e9paration de plateaux-repas et nettoyage avion \u2022 Agent PMR \u2022 Agent d\u2019escale Commercial\" \/>\n<meta property=\"og:url\" content=\"https:\/\/skylineforma.fr\/?page_id=2\" \/>\n<meta property=\"og:site_name\" content=\"SKYLINEFORMA\" \/>\n<meta property=\"article:modified_time\" content=\"2025-10-12T17:36:27+00:00\" \/>\n<meta name=\"twitter:card\" content=\"summary_large_image\" \/>\n<meta name=\"twitter:label1\" content=\"Est. reading time\" \/>\n\t<meta name=\"twitter:data1\" content=\"1 minute\" \/>\n<script type=\"application\/ld+json\" class=\"yoast-schema-graph\">{\"@context\":\"https:\/\/schema.org\",\"@graph\":[{\"@type\":\"WebPage\",\"@id\":\"https:\/\/skylineforma.fr\/?page_id=2\",\"url\":\"https:\/\/skylineforma.fr\/?page_id=2\",\"name\":\"Nos Formations - SKYLINEFORMA\",\"isPartOf\":{\"@id\":\"https:\/\/skylineforma.fr\/#website\"},\"datePublished\":\"2025-04-27T22:04:31+00:00\",\"dateModified\":\"2025-10-12T17:36:27+00:00\",\"breadcrumb\":{\"@id\":\"https:\/\/skylineforma.fr\/?page_id=2#breadcrumb\"},\"inLanguage\":\"en-US\",\"potentialAction\":[{\"@type\":\"ReadAction\",\"target\":[\"https:\/\/skylineforma.fr\/?page_id=2\"]}]},{\"@type\":\"BreadcrumbList\",\"@id\":\"https:\/\/skylineforma.fr\/?page_id=2#breadcrumb\",\"itemListElement\":[{\"@type\":\"ListItem\",\"position\":1,\"name\":\"Accueil\",\"item\":\"https:\/\/skylineforma.fr\/\"},{\"@type\":\"ListItem\",\"position\":2,\"name\":\"Nos Formations\"}]},{\"@type\":\"WebSite\",\"@id\":\"https:\/\/skylineforma.fr\/#website\",\"url\":\"https:\/\/skylineforma.fr\/\",\"name\":\"SKYLINEFORMA\",\"description\":\"Un site utilisant WordPress\",\"publisher\":{\"@id\":\"https:\/\/skylineforma.fr\/#organization\"},\"potentialAction\":[{\"@type\":\"SearchAction\",\"target\":{\"@type\":\"EntryPoint\",\"urlTemplate\":\"https:\/\/skylineforma.fr\/?s={search_term_string}\"},\"query-input\":{\"@type\":\"PropertyValueSpecification\",\"valueRequired\":true,\"valueName\":\"search_term_string\"}}],\"inLanguage\":\"en-US\"},{\"@type\":\"Organization\",\"@id\":\"https:\/\/skylineforma.fr\/#organization\",\"name\":\"SKYLINEFORMA\",\"url\":\"https:\/\/skylineforma.fr\/\",\"logo\":{\"@type\":\"ImageObject\",\"inLanguage\":\"en-US\",\"@id\":\"https:\/\/skylineforma.fr\/#\/schema\/logo\/image\/\",\"url\":\"https:\/\/skylineforma.fr\/wp-content\/uploads\/2025\/08\/cropped-cropped-Capture-decran_27-7-2025_213259_looka.png\",\"contentUrl\":\"https:\/\/skylineforma.fr\/wp-content\/uploads\/2025\/08\/cropped-cropped-Capture-decran_27-7-2025_213259_looka.png\",\"width\":483,\"height\":433,\"caption\":\"SKYLINEFORMA\"},\"image\":{\"@id\":\"https:\/\/skylineforma.fr\/#\/schema\/logo\/image\/\"}}]}<\/script>\n<!-- \/ Yoast SEO plugin. -->","yoast_head_json":{"title":"Nos Formations - SKYLINEFORMA","robots":{"index":"index","follow":"follow","max-snippet":"max-snippet:-1","max-image-preview":"max-image-preview:large","max-video-preview":"max-video-preview:-1"},"canonical":"https:\/\/skylineforma.fr\/?page_id=2","og_locale":"en_US","og_type":"article","og_title":"Nos Formations - SKYLINEFORMA","og_description":"Nos formations : D\u00e9couvrez nos formations sp\u00e9cialis\u00e9es dans les m\u00e9tiers de l\u2019a\u00e9roportuaire et trouvez celle qui vous permettra de d\u00e9coller vers votre future carri\u00e8re. \u2022 Agent de piste-bagagiste \u2022 Pr\u00e9paration de plateaux-repas et nettoyage avion \u2022 Agent PMR \u2022 Agent d\u2019escale Commercial","og_url":"https:\/\/skylineforma.fr\/?page_id=2","og_site_name":"SKYLINEFORMA","article_modified_time":"2025-10-12T17:36:27+00:00","twitter_card":"summary_large_image","twitter_misc":{"Est. reading time":"1 minute"},"schema":{"@context":"https:\/\/schema.org","@graph":[{"@type":"WebPage","@id":"https:\/\/skylineforma.fr\/?page_id=2","url":"https:\/\/skylineforma.fr\/?page_id=2","name":"Nos Formations - SKYLINEFORMA","isPartOf":{"@id":"https:\/\/skylineforma.fr\/#website"},"datePublished":"2025-04-27T22:04:31+00:00","dateModified":"2025-10-12T17:36:27+00:00","breadcrumb":{"@id":"https:\/\/skylineforma.fr\/?page_id=2#breadcrumb"},"inLanguage":"en-US","potentialAction":[{"@type":"ReadAction","target":["https:\/\/skylineforma.fr\/?page_id=2"]}]},{"@type":"BreadcrumbList","@id":"https:\/\/skylineforma.fr\/?page_id=2#breadcrumb","itemListElement":[{"@type":"ListItem","position":1,"name":"Accueil","item":"https:\/\/skylineforma.fr\/"},{"@type":"ListItem","position":2,"name":"Nos Formations"}]},{"@type":"WebSite","@id":"https:\/\/skylineforma.fr\/#website","url":"https:\/\/skylineforma.fr\/","name":"SKYLINEFORMA","description":"Un site utilisant WordPress","publisher":{"@id":"https:\/\/skylineforma.fr\/#organization"},"potentialAction":[{"@type":"SearchAction","target":{"@type":"EntryPoint","urlTemplate":"https:\/\/skylineforma.fr\/?s={search_term_string}"},"query-input":{"@type":"PropertyValueSpecification","valueRequired":true,"valueName":"search_term_string"}}],"inLanguage":"en-US"},{"@type":"Organization","@id":"https:\/\/skylineforma.fr\/#organization","name":"SKYLINEFORMA","url":"https:\/\/skylineforma.fr\/","logo":{"@type":"ImageObject","inLanguage":"en-US","@id":"https:\/\/skylineforma.fr\/#\/schema\/logo\/image\/","url":"https:\/\/skylineforma.fr\/wp-content\/uploads\/2025\/08\/cropped-cropped-Capture-decran_27-7-2025_213259_looka.png","contentUrl":"https:\/\/skylineforma.fr\/wp-content\/uploads\/2025\/08\/cropped-cropped-Capture-decran_27-7-2025_213259_looka.png","width":483,"height":433,"caption":"SKYLINEFORMA"},"image":{"@id":"https:\/\/skylineforma.fr\/#\/schema\/logo\/image\/"}}]}},"_links":{"self":[{"href":"https:\/\/skylineforma.fr\/index.php?rest_route=\/wp\/v2\/pages\/2","targetHints":{"allow":["GET"]}}],"collection":[{"href":"https:\/\/skylineforma.fr\/index.php?rest_route=\/wp\/v2\/pages"}],"about":[{"href":"https:\/\/skylineforma.fr\/index.php?rest_route=\/wp\/v2\/types\/page"}],"author":[{"embeddable":true,"href":"https:\/\/skylineforma.fr\/index.php?rest_route=\/wp\/v2\/users\/1"}],"replies":[{"embeddable":true,"href":"https:\/\/skylineforma.fr\/index.php?rest_route=%2Fwp%2Fv2%2Fcomments&post=2"}],"version-history":[{"count":3,"href":"https:\/\/skylineforma.fr\/index.php?rest_route=\/wp\/v2\/pages\/2\/revisions"}],"predecessor-version":[{"id":225,"href":"https:\/\/skylineforma.fr\/index.php?rest_route=\/wp\/v2\/pages\/2\/revisions\/225"}],"wp:attachment":[{"href":"https:\/\/skylineforma.fr\/index.php?rest_route=%2Fwp%2Fv2%2Fmedia&parent=2"}],"curies":[{"name":"wp","href":"https:\/\/api.w.org\/{rel}","templated":true}]}}