{"id":171,"date":"2025-10-12T18:36:17","date_gmt":"2025-10-12T16:36:17","guid":{"rendered":"https:\/\/skylineforma.fr\/?page_id=171"},"modified":"2025-10-19T21:52:23","modified_gmt":"2025-10-19T19:52:23","slug":"agent-ap-pmr","status":"publish","type":"page","link":"https:\/\/skylineforma.fr\/?page_id=171","title":{"rendered":"Agent AP\/PMR"},"content":{"rendered":"\n<p><strong>Agent AP\/PMR (Assistance aux Personnes \u00e0 Mobilit\u00e9 R\u00e9duite)<\/strong><\/p>\n\n\n\n<p>Devenez sp\u00e9cialiste de l\u2019assistance aux passagers \u00e0 mobilit\u00e9 r\u00e9duite et \u00e0 besoins sp\u00e9cifiques. Apprenez \u00e0 accompagner les voyageurs avec s\u00e9curit\u00e9, confort et professionnalisme, en ma\u00eetrisant les proc\u00e9dures et \u00e9quipements d\u00e9di\u00e9s.<\/p>\n\n\n\n<figure class=\"wp-block-gallery has-nested-images columns-default is-cropped wp-block-gallery-1 is-layout-flex wp-block-gallery-is-layout-flex\"><div class=\"wp-block-image\">\n<figure class=\"aligncenter size-large\"><img fetchpriority=\"high\" decoding=\"async\" width=\"1024\" height=\"1024\" data-id=\"297\" src=\"https:\/\/skylineforma.fr\/wp-content\/uploads\/2025\/10\/Agent_PMR.png\" alt=\"\" class=\"wp-image-297\" srcset=\"https:\/\/skylineforma.fr\/wp-content\/uploads\/2025\/10\/Agent_PMR.png 1024w, https:\/\/skylineforma.fr\/wp-content\/uploads\/2025\/10\/Agent_PMR-300x300.png 300w, https:\/\/skylineforma.fr\/wp-content\/uploads\/2025\/10\/Agent_PMR-150x150.png 150w, https:\/\/skylineforma.fr\/wp-content\/uploads\/2025\/10\/Agent_PMR-768x768.png 768w\" sizes=\"(max-width: 1024px) 100vw, 1024px\" \/><\/figure>\n<\/div><\/figure>\n\n\n\n<p>Objectifs et missions<\/p>\n\n\n\n<ul class=\"wp-block-list\">\n<li>&nbsp; Prise en charge des passagers \u00e0 mobilit\u00e9 r\u00e9duite<\/li>\n\n\n\n<li>&nbsp; Assistance lors des transferts et embarquements<\/li>\n\n\n\n<li>&nbsp; Utilisation des \u00e9quipements adapt\u00e9s (fauteuils, \u00e9l\u00e9vateurs)<\/li>\n\n\n\n<li>&nbsp; Communication adapt\u00e9e et respectueuse<\/li>\n\n\n\n<li>&nbsp; Coordination avec les \u00e9quipes d&#8217;escale et m\u00e9dicales<\/li>\n<\/ul>\n\n\n\n\n","protected":false},"excerpt":{"rendered":"<p>Agent AP\/PMR (Assistance aux Personnes \u00e0 Mobilit\u00e9 R\u00e9duite) Devenez sp\u00e9cialiste de l\u2019assistance aux passagers \u00e0 mobilit\u00e9 r\u00e9duite et \u00e0 besoins sp\u00e9cifiques. Apprenez \u00e0 accompagner les voyageurs avec s\u00e9curit\u00e9, confort et professionnalisme, en ma\u00eetrisant les proc\u00e9dures et \u00e9quipements d\u00e9di\u00e9s. Objectifs et missions<\/p>\n","protected":false},"author":1,"featured_media":0,"parent":0,"menu_order":0,"comment_status":"closed","ping_status":"closed","template":"","meta":{"saved_in_kubio":true,"_mo_disable_npp":"","footnotes":""},"class_list":["post-171","page","type-page","status-publish","hentry"],"kubio_ai_page_context":{"short_desc":"","purpose":"general"},"yoast_head":"<!-- This site is optimized with the Yoast SEO plugin v26.1.1 - https:\/\/yoast.com\/wordpress\/plugins\/seo\/ -->\n<title>Agent AP\/PMR - SKYLINEFORMA<\/title>\n<meta name=\"robots\" content=\"index, follow, max-snippet:-1, max-image-preview:large, max-video-preview:-1\" \/>\n<link rel=\"canonical\" href=\"https:\/\/skylineforma.fr\/?page_id=171\" \/>\n<meta property=\"og:locale\" content=\"en_US\" \/>\n<meta property=\"og:type\" content=\"article\" \/>\n<meta property=\"og:title\" content=\"Agent AP\/PMR - SKYLINEFORMA\" \/>\n<meta property=\"og:description\" content=\"Agent AP\/PMR (Assistance aux Personnes \u00e0 Mobilit\u00e9 R\u00e9duite) Devenez sp\u00e9cialiste de l\u2019assistance aux passagers \u00e0 mobilit\u00e9 r\u00e9duite et \u00e0 besoins sp\u00e9cifiques. Apprenez \u00e0 accompagner les voyageurs avec s\u00e9curit\u00e9, confort et professionnalisme, en ma\u00eetrisant les proc\u00e9dures et \u00e9quipements d\u00e9di\u00e9s. Objectifs et missions\" \/>\n<meta property=\"og:url\" content=\"https:\/\/skylineforma.fr\/?page_id=171\" \/>\n<meta property=\"og:site_name\" content=\"SKYLINEFORMA\" \/>\n<meta property=\"article:modified_time\" content=\"2025-10-19T19:52:23+00:00\" \/>\n<meta property=\"og:image\" content=\"https:\/\/skylineforma.fr\/wp-content\/uploads\/2025\/10\/Agent_PMR.png\" \/>\n\t<meta property=\"og:image:width\" content=\"1024\" \/>\n\t<meta property=\"og:image:height\" content=\"1024\" \/>\n\t<meta property=\"og:image:type\" content=\"image\/png\" \/>\n<meta name=\"twitter:card\" content=\"summary_large_image\" \/>\n<meta name=\"twitter:label1\" content=\"Est. reading time\" \/>\n\t<meta name=\"twitter:data1\" content=\"1 minute\" \/>\n<script type=\"application\/ld+json\" class=\"yoast-schema-graph\">{\"@context\":\"https:\/\/schema.org\",\"@graph\":[{\"@type\":\"WebPage\",\"@id\":\"https:\/\/skylineforma.fr\/?page_id=171\",\"url\":\"https:\/\/skylineforma.fr\/?page_id=171\",\"name\":\"Agent AP\/PMR - SKYLINEFORMA\",\"isPartOf\":{\"@id\":\"https:\/\/skylineforma.fr\/#website\"},\"primaryImageOfPage\":{\"@id\":\"https:\/\/skylineforma.fr\/?page_id=171#primaryimage\"},\"image\":{\"@id\":\"https:\/\/skylineforma.fr\/?page_id=171#primaryimage\"},\"thumbnailUrl\":\"https:\/\/skylineforma.fr\/wp-content\/uploads\/2025\/10\/Agent_PMR.png\",\"datePublished\":\"2025-10-12T16:36:17+00:00\",\"dateModified\":\"2025-10-19T19:52:23+00:00\",\"breadcrumb\":{\"@id\":\"https:\/\/skylineforma.fr\/?page_id=171#breadcrumb\"},\"inLanguage\":\"en-US\",\"potentialAction\":[{\"@type\":\"ReadAction\",\"target\":[\"https:\/\/skylineforma.fr\/?page_id=171\"]}]},{\"@type\":\"ImageObject\",\"inLanguage\":\"en-US\",\"@id\":\"https:\/\/skylineforma.fr\/?page_id=171#primaryimage\",\"url\":\"https:\/\/skylineforma.fr\/wp-content\/uploads\/2025\/10\/Agent_PMR.png\",\"contentUrl\":\"https:\/\/skylineforma.fr\/wp-content\/uploads\/2025\/10\/Agent_PMR.png\",\"width\":1024,\"height\":1024},{\"@type\":\"BreadcrumbList\",\"@id\":\"https:\/\/skylineforma.fr\/?page_id=171#breadcrumb\",\"itemListElement\":[{\"@type\":\"ListItem\",\"position\":1,\"name\":\"Accueil\",\"item\":\"https:\/\/skylineforma.fr\/\"},{\"@type\":\"ListItem\",\"position\":2,\"name\":\"Agent AP\/PMR\"}]},{\"@type\":\"WebSite\",\"@id\":\"https:\/\/skylineforma.fr\/#website\",\"url\":\"https:\/\/skylineforma.fr\/\",\"name\":\"SKYLINEFORMA\",\"description\":\"Un site utilisant WordPress\",\"publisher\":{\"@id\":\"https:\/\/skylineforma.fr\/#organization\"},\"potentialAction\":[{\"@type\":\"SearchAction\",\"target\":{\"@type\":\"EntryPoint\",\"urlTemplate\":\"https:\/\/skylineforma.fr\/?s={search_term_string}\"},\"query-input\":{\"@type\":\"PropertyValueSpecification\",\"valueRequired\":true,\"valueName\":\"search_term_string\"}}],\"inLanguage\":\"en-US\"},{\"@type\":\"Organization\",\"@id\":\"https:\/\/skylineforma.fr\/#organization\",\"name\":\"SKYLINEFORMA\",\"url\":\"https:\/\/skylineforma.fr\/\",\"logo\":{\"@type\":\"ImageObject\",\"inLanguage\":\"en-US\",\"@id\":\"https:\/\/skylineforma.fr\/#\/schema\/logo\/image\/\",\"url\":\"https:\/\/skylineforma.fr\/wp-content\/uploads\/2025\/08\/cropped-cropped-Capture-decran_27-7-2025_213259_looka.png\",\"contentUrl\":\"https:\/\/skylineforma.fr\/wp-content\/uploads\/2025\/08\/cropped-cropped-Capture-decran_27-7-2025_213259_looka.png\",\"width\":483,\"height\":433,\"caption\":\"SKYLINEFORMA\"},\"image\":{\"@id\":\"https:\/\/skylineforma.fr\/#\/schema\/logo\/image\/\"}}]}<\/script>\n<!-- \/ Yoast SEO plugin. -->","yoast_head_json":{"title":"Agent AP\/PMR - SKYLINEFORMA","robots":{"index":"index","follow":"follow","max-snippet":"max-snippet:-1","max-image-preview":"max-image-preview:large","max-video-preview":"max-video-preview:-1"},"canonical":"https:\/\/skylineforma.fr\/?page_id=171","og_locale":"en_US","og_type":"article","og_title":"Agent AP\/PMR - SKYLINEFORMA","og_description":"Agent AP\/PMR (Assistance aux Personnes \u00e0 Mobilit\u00e9 R\u00e9duite) Devenez sp\u00e9cialiste de l\u2019assistance aux passagers \u00e0 mobilit\u00e9 r\u00e9duite et \u00e0 besoins sp\u00e9cifiques. Apprenez \u00e0 accompagner les voyageurs avec s\u00e9curit\u00e9, confort et professionnalisme, en ma\u00eetrisant les proc\u00e9dures et \u00e9quipements d\u00e9di\u00e9s. Objectifs et missions","og_url":"https:\/\/skylineforma.fr\/?page_id=171","og_site_name":"SKYLINEFORMA","article_modified_time":"2025-10-19T19:52:23+00:00","og_image":[{"width":1024,"height":1024,"url":"https:\/\/skylineforma.fr\/wp-content\/uploads\/2025\/10\/Agent_PMR.png","type":"image\/png"}],"twitter_card":"summary_large_image","twitter_misc":{"Est. reading time":"1 minute"},"schema":{"@context":"https:\/\/schema.org","@graph":[{"@type":"WebPage","@id":"https:\/\/skylineforma.fr\/?page_id=171","url":"https:\/\/skylineforma.fr\/?page_id=171","name":"Agent AP\/PMR - SKYLINEFORMA","isPartOf":{"@id":"https:\/\/skylineforma.fr\/#website"},"primaryImageOfPage":{"@id":"https:\/\/skylineforma.fr\/?page_id=171#primaryimage"},"image":{"@id":"https:\/\/skylineforma.fr\/?page_id=171#primaryimage"},"thumbnailUrl":"https:\/\/skylineforma.fr\/wp-content\/uploads\/2025\/10\/Agent_PMR.png","datePublished":"2025-10-12T16:36:17+00:00","dateModified":"2025-10-19T19:52:23+00:00","breadcrumb":{"@id":"https:\/\/skylineforma.fr\/?page_id=171#breadcrumb"},"inLanguage":"en-US","potentialAction":[{"@type":"ReadAction","target":["https:\/\/skylineforma.fr\/?page_id=171"]}]},{"@type":"ImageObject","inLanguage":"en-US","@id":"https:\/\/skylineforma.fr\/?page_id=171#primaryimage","url":"https:\/\/skylineforma.fr\/wp-content\/uploads\/2025\/10\/Agent_PMR.png","contentUrl":"https:\/\/skylineforma.fr\/wp-content\/uploads\/2025\/10\/Agent_PMR.png","width":1024,"height":1024},{"@type":"BreadcrumbList","@id":"https:\/\/skylineforma.fr\/?page_id=171#breadcrumb","itemListElement":[{"@type":"ListItem","position":1,"name":"Accueil","item":"https:\/\/skylineforma.fr\/"},{"@type":"ListItem","position":2,"name":"Agent AP\/PMR"}]},{"@type":"WebSite","@id":"https:\/\/skylineforma.fr\/#website","url":"https:\/\/skylineforma.fr\/","name":"SKYLINEFORMA","description":"Un site utilisant WordPress","publisher":{"@id":"https:\/\/skylineforma.fr\/#organization"},"potentialAction":[{"@type":"SearchAction","target":{"@type":"EntryPoint","urlTemplate":"https:\/\/skylineforma.fr\/?s={search_term_string}"},"query-input":{"@type":"PropertyValueSpecification","valueRequired":true,"valueName":"search_term_string"}}],"inLanguage":"en-US"},{"@type":"Organization","@id":"https:\/\/skylineforma.fr\/#organization","name":"SKYLINEFORMA","url":"https:\/\/skylineforma.fr\/","logo":{"@type":"ImageObject","inLanguage":"en-US","@id":"https:\/\/skylineforma.fr\/#\/schema\/logo\/image\/","url":"https:\/\/skylineforma.fr\/wp-content\/uploads\/2025\/08\/cropped-cropped-Capture-decran_27-7-2025_213259_looka.png","contentUrl":"https:\/\/skylineforma.fr\/wp-content\/uploads\/2025\/08\/cropped-cropped-Capture-decran_27-7-2025_213259_looka.png","width":483,"height":433,"caption":"SKYLINEFORMA"},"image":{"@id":"https:\/\/skylineforma.fr\/#\/schema\/logo\/image\/"}}]}},"_links":{"self":[{"href":"https:\/\/skylineforma.fr\/index.php?rest_route=\/wp\/v2\/pages\/171","targetHints":{"allow":["GET"]}}],"collection":[{"href":"https:\/\/skylineforma.fr\/index.php?rest_route=\/wp\/v2\/pages"}],"about":[{"href":"https:\/\/skylineforma.fr\/index.php?rest_route=\/wp\/v2\/types\/page"}],"author":[{"embeddable":true,"href":"https:\/\/skylineforma.fr\/index.php?rest_route=\/wp\/v2\/users\/1"}],"replies":[{"embeddable":true,"href":"https:\/\/skylineforma.fr\/index.php?rest_route=%2Fwp%2Fv2%2Fcomments&post=171"}],"version-history":[{"count":5,"href":"https:\/\/skylineforma.fr\/index.php?rest_route=\/wp\/v2\/pages\/171\/revisions"}],"predecessor-version":[{"id":306,"href":"https:\/\/skylineforma.fr\/index.php?rest_route=\/wp\/v2\/pages\/171\/revisions\/306"}],"wp:attachment":[{"href":"https:\/\/skylineforma.fr\/index.php?rest_route=%2Fwp%2Fv2%2Fmedia&parent=171"}],"curies":[{"name":"wp","href":"https:\/\/api.w.org\/{rel}","templated":true}]}}