{"id":166,"date":"2025-10-12T18:28:15","date_gmt":"2025-10-12T16:28:15","guid":{"rendered":"https:\/\/skylineforma.fr\/?page_id=166"},"modified":"2025-10-12T18:28:16","modified_gmt":"2025-10-12T16:28:16","slug":"agent-descale-commercial","status":"publish","type":"page","link":"https:\/\/skylineforma.fr\/?page_id=166","title":{"rendered":"Agent D&#8217;escale Commercial"},"content":{"rendered":"\n<p>Pr\u00e9parez-vous \u00e0 accueillir les passagers et \u00e0 g\u00e9rer toutes les op\u00e9rations au sol : enregistrement, embarquement, information et assistance aux voyageurs. Cette formation allie savoir-faire technique et relationnel pour garantir un service de qualit\u00e9 \u00e0 l\u2019a\u00e9roport.<\/p>\n\n\n\n<figure class=\"wp-block-gallery has-nested-images columns-default is-cropped wp-block-gallery-1 is-layout-flex wp-block-gallery-is-layout-flex\">\n<figure class=\"wp-block-image size-large\"><img fetchpriority=\"high\" decoding=\"async\" width=\"885\" height=\"595\" data-id=\"167\" src=\"https:\/\/skylineforma.fr\/wp-content\/uploads\/2025\/10\/Afficher-les-photos-recentes.png\" alt=\"\" class=\"wp-image-167\" srcset=\"https:\/\/skylineforma.fr\/wp-content\/uploads\/2025\/10\/Afficher-les-photos-recentes.png 885w, https:\/\/skylineforma.fr\/wp-content\/uploads\/2025\/10\/Afficher-les-photos-recentes-300x202.png 300w, https:\/\/skylineforma.fr\/wp-content\/uploads\/2025\/10\/Afficher-les-photos-recentes-768x516.png 768w\" sizes=\"(max-width: 885px) 100vw, 885px\" \/><\/figure>\n<\/figure>\n\n\n\n<p>Objectifs et missions<\/p>\n\n\n\n<ul class=\"wp-block-list\">\n<li>\u00a0 Accueil, enregistrement et embarquement des passagers<\/li>\n\n\n\n<li>\u00a0 V\u00e9rification des documents de voyage<\/li>\n\n\n\n<li>\u00a0 Annonce des vols et gestion des correspondances<\/li>\n\n\n\n<li>\u00a0 Coordination avec les services piste et compagnie<\/li>\n\n\n\n<li> \u00a0 Assistance et service client en zone d&#8217;embarquement<\/li>\n<\/ul>\n\n\n\n<p><\/p>\n","protected":false},"excerpt":{"rendered":"<p>Pr\u00e9parez-vous \u00e0 accueillir les passagers et \u00e0 g\u00e9rer toutes les op\u00e9rations au sol : enregistrement, embarquement, information et assistance aux voyageurs. Cette formation allie savoir-faire technique et relationnel pour garantir un service de qualit\u00e9 \u00e0 l\u2019a\u00e9roport. Objectifs et missions<\/p>\n","protected":false},"author":1,"featured_media":0,"parent":0,"menu_order":0,"comment_status":"closed","ping_status":"closed","template":"","meta":{"saved_in_kubio":false,"_mo_disable_npp":"","footnotes":""},"class_list":["post-166","page","type-page","status-publish","hentry"],"kubio_ai_page_context":{"short_desc":"","purpose":"general"},"yoast_head":"<!-- This site is optimized with the Yoast SEO plugin v26.1.1 - https:\/\/yoast.com\/wordpress\/plugins\/seo\/ -->\n<title>Agent D&#039;escale Commercial - SKYLINEFORMA<\/title>\n<meta name=\"robots\" content=\"index, follow, max-snippet:-1, max-image-preview:large, max-video-preview:-1\" \/>\n<link rel=\"canonical\" href=\"https:\/\/skylineforma.fr\/?page_id=166\" \/>\n<meta property=\"og:locale\" content=\"en_US\" \/>\n<meta property=\"og:type\" content=\"article\" \/>\n<meta property=\"og:title\" content=\"Agent D&#039;escale Commercial - SKYLINEFORMA\" \/>\n<meta property=\"og:description\" content=\"Pr\u00e9parez-vous \u00e0 accueillir les passagers et \u00e0 g\u00e9rer toutes les op\u00e9rations au sol : enregistrement, embarquement, information et assistance aux voyageurs. Cette formation allie savoir-faire technique et relationnel pour garantir un service de qualit\u00e9 \u00e0 l\u2019a\u00e9roport. Objectifs et missions\" \/>\n<meta property=\"og:url\" content=\"https:\/\/skylineforma.fr\/?page_id=166\" \/>\n<meta property=\"og:site_name\" content=\"SKYLINEFORMA\" \/>\n<meta property=\"article:modified_time\" content=\"2025-10-12T16:28:16+00:00\" \/>\n<meta property=\"og:image\" content=\"https:\/\/skylineforma.fr\/wp-content\/uploads\/2025\/10\/Afficher-les-photos-recentes.png\" \/>\n\t<meta property=\"og:image:width\" content=\"885\" \/>\n\t<meta property=\"og:image:height\" content=\"595\" \/>\n\t<meta property=\"og:image:type\" content=\"image\/png\" \/>\n<meta name=\"twitter:card\" content=\"summary_large_image\" \/>\n<meta name=\"twitter:label1\" content=\"Est. reading time\" \/>\n\t<meta name=\"twitter:data1\" content=\"1 minute\" \/>\n<script type=\"application\/ld+json\" class=\"yoast-schema-graph\">{\"@context\":\"https:\/\/schema.org\",\"@graph\":[{\"@type\":\"WebPage\",\"@id\":\"https:\/\/skylineforma.fr\/?page_id=166\",\"url\":\"https:\/\/skylineforma.fr\/?page_id=166\",\"name\":\"Agent D'escale Commercial - SKYLINEFORMA\",\"isPartOf\":{\"@id\":\"https:\/\/skylineforma.fr\/#website\"},\"primaryImageOfPage\":{\"@id\":\"https:\/\/skylineforma.fr\/?page_id=166#primaryimage\"},\"image\":{\"@id\":\"https:\/\/skylineforma.fr\/?page_id=166#primaryimage\"},\"thumbnailUrl\":\"https:\/\/skylineforma.fr\/wp-content\/uploads\/2025\/10\/Afficher-les-photos-recentes.png\",\"datePublished\":\"2025-10-12T16:28:15+00:00\",\"dateModified\":\"2025-10-12T16:28:16+00:00\",\"breadcrumb\":{\"@id\":\"https:\/\/skylineforma.fr\/?page_id=166#breadcrumb\"},\"inLanguage\":\"en-US\",\"potentialAction\":[{\"@type\":\"ReadAction\",\"target\":[\"https:\/\/skylineforma.fr\/?page_id=166\"]}]},{\"@type\":\"ImageObject\",\"inLanguage\":\"en-US\",\"@id\":\"https:\/\/skylineforma.fr\/?page_id=166#primaryimage\",\"url\":\"https:\/\/skylineforma.fr\/wp-content\/uploads\/2025\/10\/Afficher-les-photos-recentes.png\",\"contentUrl\":\"https:\/\/skylineforma.fr\/wp-content\/uploads\/2025\/10\/Afficher-les-photos-recentes.png\",\"width\":885,\"height\":595},{\"@type\":\"BreadcrumbList\",\"@id\":\"https:\/\/skylineforma.fr\/?page_id=166#breadcrumb\",\"itemListElement\":[{\"@type\":\"ListItem\",\"position\":1,\"name\":\"Accueil\",\"item\":\"https:\/\/skylineforma.fr\/\"},{\"@type\":\"ListItem\",\"position\":2,\"name\":\"Agent D&rsquo;escale Commercial\"}]},{\"@type\":\"WebSite\",\"@id\":\"https:\/\/skylineforma.fr\/#website\",\"url\":\"https:\/\/skylineforma.fr\/\",\"name\":\"SKYLINEFORMA\",\"description\":\"Un site utilisant WordPress\",\"publisher\":{\"@id\":\"https:\/\/skylineforma.fr\/#organization\"},\"potentialAction\":[{\"@type\":\"SearchAction\",\"target\":{\"@type\":\"EntryPoint\",\"urlTemplate\":\"https:\/\/skylineforma.fr\/?s={search_term_string}\"},\"query-input\":{\"@type\":\"PropertyValueSpecification\",\"valueRequired\":true,\"valueName\":\"search_term_string\"}}],\"inLanguage\":\"en-US\"},{\"@type\":\"Organization\",\"@id\":\"https:\/\/skylineforma.fr\/#organization\",\"name\":\"SKYLINEFORMA\",\"url\":\"https:\/\/skylineforma.fr\/\",\"logo\":{\"@type\":\"ImageObject\",\"inLanguage\":\"en-US\",\"@id\":\"https:\/\/skylineforma.fr\/#\/schema\/logo\/image\/\",\"url\":\"https:\/\/skylineforma.fr\/wp-content\/uploads\/2025\/08\/cropped-cropped-Capture-decran_27-7-2025_213259_looka.png\",\"contentUrl\":\"https:\/\/skylineforma.fr\/wp-content\/uploads\/2025\/08\/cropped-cropped-Capture-decran_27-7-2025_213259_looka.png\",\"width\":483,\"height\":433,\"caption\":\"SKYLINEFORMA\"},\"image\":{\"@id\":\"https:\/\/skylineforma.fr\/#\/schema\/logo\/image\/\"}}]}<\/script>\n<!-- \/ Yoast SEO plugin. -->","yoast_head_json":{"title":"Agent D'escale Commercial - SKYLINEFORMA","robots":{"index":"index","follow":"follow","max-snippet":"max-snippet:-1","max-image-preview":"max-image-preview:large","max-video-preview":"max-video-preview:-1"},"canonical":"https:\/\/skylineforma.fr\/?page_id=166","og_locale":"en_US","og_type":"article","og_title":"Agent D'escale Commercial - SKYLINEFORMA","og_description":"Pr\u00e9parez-vous \u00e0 accueillir les passagers et \u00e0 g\u00e9rer toutes les op\u00e9rations au sol : enregistrement, embarquement, information et assistance aux voyageurs. Cette formation allie savoir-faire technique et relationnel pour garantir un service de qualit\u00e9 \u00e0 l\u2019a\u00e9roport. Objectifs et missions","og_url":"https:\/\/skylineforma.fr\/?page_id=166","og_site_name":"SKYLINEFORMA","article_modified_time":"2025-10-12T16:28:16+00:00","og_image":[{"width":885,"height":595,"url":"https:\/\/skylineforma.fr\/wp-content\/uploads\/2025\/10\/Afficher-les-photos-recentes.png","type":"image\/png"}],"twitter_card":"summary_large_image","twitter_misc":{"Est. reading time":"1 minute"},"schema":{"@context":"https:\/\/schema.org","@graph":[{"@type":"WebPage","@id":"https:\/\/skylineforma.fr\/?page_id=166","url":"https:\/\/skylineforma.fr\/?page_id=166","name":"Agent D'escale Commercial - SKYLINEFORMA","isPartOf":{"@id":"https:\/\/skylineforma.fr\/#website"},"primaryImageOfPage":{"@id":"https:\/\/skylineforma.fr\/?page_id=166#primaryimage"},"image":{"@id":"https:\/\/skylineforma.fr\/?page_id=166#primaryimage"},"thumbnailUrl":"https:\/\/skylineforma.fr\/wp-content\/uploads\/2025\/10\/Afficher-les-photos-recentes.png","datePublished":"2025-10-12T16:28:15+00:00","dateModified":"2025-10-12T16:28:16+00:00","breadcrumb":{"@id":"https:\/\/skylineforma.fr\/?page_id=166#breadcrumb"},"inLanguage":"en-US","potentialAction":[{"@type":"ReadAction","target":["https:\/\/skylineforma.fr\/?page_id=166"]}]},{"@type":"ImageObject","inLanguage":"en-US","@id":"https:\/\/skylineforma.fr\/?page_id=166#primaryimage","url":"https:\/\/skylineforma.fr\/wp-content\/uploads\/2025\/10\/Afficher-les-photos-recentes.png","contentUrl":"https:\/\/skylineforma.fr\/wp-content\/uploads\/2025\/10\/Afficher-les-photos-recentes.png","width":885,"height":595},{"@type":"BreadcrumbList","@id":"https:\/\/skylineforma.fr\/?page_id=166#breadcrumb","itemListElement":[{"@type":"ListItem","position":1,"name":"Accueil","item":"https:\/\/skylineforma.fr\/"},{"@type":"ListItem","position":2,"name":"Agent D&rsquo;escale Commercial"}]},{"@type":"WebSite","@id":"https:\/\/skylineforma.fr\/#website","url":"https:\/\/skylineforma.fr\/","name":"SKYLINEFORMA","description":"Un site utilisant WordPress","publisher":{"@id":"https:\/\/skylineforma.fr\/#organization"},"potentialAction":[{"@type":"SearchAction","target":{"@type":"EntryPoint","urlTemplate":"https:\/\/skylineforma.fr\/?s={search_term_string}"},"query-input":{"@type":"PropertyValueSpecification","valueRequired":true,"valueName":"search_term_string"}}],"inLanguage":"en-US"},{"@type":"Organization","@id":"https:\/\/skylineforma.fr\/#organization","name":"SKYLINEFORMA","url":"https:\/\/skylineforma.fr\/","logo":{"@type":"ImageObject","inLanguage":"en-US","@id":"https:\/\/skylineforma.fr\/#\/schema\/logo\/image\/","url":"https:\/\/skylineforma.fr\/wp-content\/uploads\/2025\/08\/cropped-cropped-Capture-decran_27-7-2025_213259_looka.png","contentUrl":"https:\/\/skylineforma.fr\/wp-content\/uploads\/2025\/08\/cropped-cropped-Capture-decran_27-7-2025_213259_looka.png","width":483,"height":433,"caption":"SKYLINEFORMA"},"image":{"@id":"https:\/\/skylineforma.fr\/#\/schema\/logo\/image\/"}}]}},"_links":{"self":[{"href":"https:\/\/skylineforma.fr\/index.php?rest_route=\/wp\/v2\/pages\/166","targetHints":{"allow":["GET"]}}],"collection":[{"href":"https:\/\/skylineforma.fr\/index.php?rest_route=\/wp\/v2\/pages"}],"about":[{"href":"https:\/\/skylineforma.fr\/index.php?rest_route=\/wp\/v2\/types\/page"}],"author":[{"embeddable":true,"href":"https:\/\/skylineforma.fr\/index.php?rest_route=\/wp\/v2\/users\/1"}],"replies":[{"embeddable":true,"href":"https:\/\/skylineforma.fr\/index.php?rest_route=%2Fwp%2Fv2%2Fcomments&post=166"}],"version-history":[{"count":1,"href":"https:\/\/skylineforma.fr\/index.php?rest_route=\/wp\/v2\/pages\/166\/revisions"}],"predecessor-version":[{"id":168,"href":"https:\/\/skylineforma.fr\/index.php?rest_route=\/wp\/v2\/pages\/166\/revisions\/168"}],"wp:attachment":[{"href":"https:\/\/skylineforma.fr\/index.php?rest_route=%2Fwp%2Fv2%2Fmedia&parent=166"}],"curies":[{"name":"wp","href":"https:\/\/api.w.org\/{rel}","templated":true}]}}